{"id":4256,"date":"2022-01-02T04:16:20","date_gmt":"2022-01-02T03:16:20","guid":{"rendered":"https:\/\/helikon.pl\/blog-helikon\/"},"modified":"2025-09-14T15:15:08","modified_gmt":"2025-09-14T13:15:08","slug":"blog-helikon","status":"publish","type":"page","link":"https:\/\/helikon.pl\/en\/blog-helikon\/","title":{"rendered":"Blog"},"content":{"rendered":"","protected":false},"excerpt":{"rendered":"","protected":false},"author":1,"featured_media":0,"parent":0,"menu_order":0,"comment_status":"closed","ping_status":"closed","template":"template-page\/news.php","meta":{"_acf_changed":false,"footnotes":""},"class_list":["post-4256","page","type-page","status-publish","hentry"],"acf":[],"yoast_head":"<!-- This site is optimized with the Yoast SEO plugin v25.9 - https:\/\/yoast.com\/wordpress\/plugins\/seo\/ -->\n<title>Blog - Helikon<\/title>\n<meta name=\"description\" content=\"HELIKON TWORZYMY IDEALNE BIURA! Dzi\u0119ki eksperckiej wiedzy o oddzia\u0142ywaniu przestrzeni na cz\u0142owieka, wiemy jak stworzy\u0107 nowoczesne i przyjazne biuro, w kt\u00f3rym pracownicy b\u0119d\u0105 realizowa\u0107 sw\u00f3j prawdziwy potencja\u0142 i podnosi\u0107 swoj\u0105 efektywno\u015b\u0107. Natomiast Ty zyskasz lepsze efekty biznesowe. ZAPROJEKTUJ Z NAMI SWOJE IDELANE MIEJSCE DO PRACY!\" \/>\n<meta name=\"robots\" content=\"index, follow, max-snippet:-1, max-image-preview:large, max-video-preview:-1\" \/>\n<link rel=\"canonical\" href=\"https:\/\/helikon.pl\/en\/blog-helikon\/\" \/>\n<meta property=\"og:locale\" content=\"en_US\" \/>\n<meta property=\"og:type\" content=\"article\" \/>\n<meta property=\"og:title\" content=\"Blog - Helikon\" \/>\n<meta property=\"og:description\" content=\"HELIKON TWORZYMY IDEALNE BIURA! Dzi\u0119ki eksperckiej wiedzy o oddzia\u0142ywaniu przestrzeni na cz\u0142owieka, wiemy jak stworzy\u0107 nowoczesne i przyjazne biuro, w kt\u00f3rym pracownicy b\u0119d\u0105 realizowa\u0107 sw\u00f3j prawdziwy potencja\u0142 i podnosi\u0107 swoj\u0105 efektywno\u015b\u0107. Natomiast Ty zyskasz lepsze efekty biznesowe. ZAPROJEKTUJ Z NAMI SWOJE IDELANE MIEJSCE DO PRACY!\" \/>\n<meta property=\"og:url\" content=\"https:\/\/helikon.pl\/en\/blog-helikon\/\" \/>\n<meta property=\"og:site_name\" content=\"Helikon\" \/>\n<meta property=\"article:modified_time\" content=\"2025-09-14T13:15:08+00:00\" \/>\n<meta name=\"twitter:card\" content=\"summary_large_image\" \/>\n<script type=\"application\/ld+json\" class=\"yoast-schema-graph\">{\"@context\":\"https:\/\/schema.org\",\"@graph\":[{\"@type\":\"WebPage\",\"@id\":\"https:\/\/helikon.pl\/en\/blog-helikon\/\",\"url\":\"https:\/\/helikon.pl\/en\/blog-helikon\/\",\"name\":\"Blog - Helikon\",\"isPartOf\":{\"@id\":\"https:\/\/helikon.pl\/#website\"},\"datePublished\":\"2022-01-02T03:16:20+00:00\",\"dateModified\":\"2025-09-14T13:15:08+00:00\",\"description\":\"HELIKON TWORZYMY IDEALNE BIURA! Dzi\u0119ki eksperckiej wiedzy o oddzia\u0142ywaniu przestrzeni na cz\u0142owieka, wiemy jak stworzy\u0107 nowoczesne i przyjazne biuro, w kt\u00f3rym pracownicy b\u0119d\u0105 realizowa\u0107 sw\u00f3j prawdziwy potencja\u0142 i podnosi\u0107 swoj\u0105 efektywno\u015b\u0107. Natomiast Ty zyskasz lepsze efekty biznesowe. ZAPROJEKTUJ Z NAMI SWOJE IDELANE MIEJSCE DO PRACY!\",\"breadcrumb\":{\"@id\":\"https:\/\/helikon.pl\/en\/blog-helikon\/#breadcrumb\"},\"inLanguage\":\"en-US\",\"potentialAction\":[{\"@type\":\"ReadAction\",\"target\":[\"https:\/\/helikon.pl\/en\/blog-helikon\/\"]}]},{\"@type\":\"BreadcrumbList\",\"@id\":\"https:\/\/helikon.pl\/en\/blog-helikon\/#breadcrumb\",\"itemListElement\":[{\"@type\":\"ListItem\",\"position\":1,\"name\":\"Home\",\"item\":\"https:\/\/helikon.pl\/en\/\"},{\"@type\":\"ListItem\",\"position\":2,\"name\":\"Blog\"}]},{\"@type\":\"WebSite\",\"@id\":\"https:\/\/helikon.pl\/#website\",\"url\":\"https:\/\/helikon.pl\/\",\"name\":\"Helikon\",\"description\":\"Tworzymy idealne biura\",\"potentialAction\":[{\"@type\":\"SearchAction\",\"target\":{\"@type\":\"EntryPoint\",\"urlTemplate\":\"https:\/\/helikon.pl\/?s={search_term_string}\"},\"query-input\":{\"@type\":\"PropertyValueSpecification\",\"valueRequired\":true,\"valueName\":\"search_term_string\"}}],\"inLanguage\":\"en-US\"}]}<\/script>\n<!-- \/ Yoast SEO plugin. -->","yoast_head_json":{"title":"Blog - Helikon","description":"HELIKON TWORZYMY IDEALNE BIURA! Dzi\u0119ki eksperckiej wiedzy o oddzia\u0142ywaniu przestrzeni na cz\u0142owieka, wiemy jak stworzy\u0107 nowoczesne i przyjazne biuro, w kt\u00f3rym pracownicy b\u0119d\u0105 realizowa\u0107 sw\u00f3j prawdziwy potencja\u0142 i podnosi\u0107 swoj\u0105 efektywno\u015b\u0107. Natomiast Ty zyskasz lepsze efekty biznesowe. ZAPROJEKTUJ Z NAMI SWOJE IDELANE MIEJSCE DO PRACY!","robots":{"index":"index","follow":"follow","max-snippet":"max-snippet:-1","max-image-preview":"max-image-preview:large","max-video-preview":"max-video-preview:-1"},"canonical":"https:\/\/helikon.pl\/en\/blog-helikon\/","og_locale":"en_US","og_type":"article","og_title":"Blog - Helikon","og_description":"HELIKON TWORZYMY IDEALNE BIURA! Dzi\u0119ki eksperckiej wiedzy o oddzia\u0142ywaniu przestrzeni na cz\u0142owieka, wiemy jak stworzy\u0107 nowoczesne i przyjazne biuro, w kt\u00f3rym pracownicy b\u0119d\u0105 realizowa\u0107 sw\u00f3j prawdziwy potencja\u0142 i podnosi\u0107 swoj\u0105 efektywno\u015b\u0107. Natomiast Ty zyskasz lepsze efekty biznesowe. ZAPROJEKTUJ Z NAMI SWOJE IDELANE MIEJSCE DO PRACY!","og_url":"https:\/\/helikon.pl\/en\/blog-helikon\/","og_site_name":"Helikon","article_modified_time":"2025-09-14T13:15:08+00:00","twitter_card":"summary_large_image","schema":{"@context":"https:\/\/schema.org","@graph":[{"@type":"WebPage","@id":"https:\/\/helikon.pl\/en\/blog-helikon\/","url":"https:\/\/helikon.pl\/en\/blog-helikon\/","name":"Blog - Helikon","isPartOf":{"@id":"https:\/\/helikon.pl\/#website"},"datePublished":"2022-01-02T03:16:20+00:00","dateModified":"2025-09-14T13:15:08+00:00","description":"HELIKON TWORZYMY IDEALNE BIURA! Dzi\u0119ki eksperckiej wiedzy o oddzia\u0142ywaniu przestrzeni na cz\u0142owieka, wiemy jak stworzy\u0107 nowoczesne i przyjazne biuro, w kt\u00f3rym pracownicy b\u0119d\u0105 realizowa\u0107 sw\u00f3j prawdziwy potencja\u0142 i podnosi\u0107 swoj\u0105 efektywno\u015b\u0107. Natomiast Ty zyskasz lepsze efekty biznesowe. ZAPROJEKTUJ Z NAMI SWOJE IDELANE MIEJSCE DO PRACY!","breadcrumb":{"@id":"https:\/\/helikon.pl\/en\/blog-helikon\/#breadcrumb"},"inLanguage":"en-US","potentialAction":[{"@type":"ReadAction","target":["https:\/\/helikon.pl\/en\/blog-helikon\/"]}]},{"@type":"BreadcrumbList","@id":"https:\/\/helikon.pl\/en\/blog-helikon\/#breadcrumb","itemListElement":[{"@type":"ListItem","position":1,"name":"Home","item":"https:\/\/helikon.pl\/en\/"},{"@type":"ListItem","position":2,"name":"Blog"}]},{"@type":"WebSite","@id":"https:\/\/helikon.pl\/#website","url":"https:\/\/helikon.pl\/","name":"Helikon","description":"Tworzymy idealne biura","potentialAction":[{"@type":"SearchAction","target":{"@type":"EntryPoint","urlTemplate":"https:\/\/helikon.pl\/?s={search_term_string}"},"query-input":{"@type":"PropertyValueSpecification","valueRequired":true,"valueName":"search_term_string"}}],"inLanguage":"en-US"}]}},"_links":{"self":[{"href":"https:\/\/helikon.pl\/en\/wp-json\/wp\/v2\/pages\/4256","targetHints":{"allow":["GET"]}}],"collection":[{"href":"https:\/\/helikon.pl\/en\/wp-json\/wp\/v2\/pages"}],"about":[{"href":"https:\/\/helikon.pl\/en\/wp-json\/wp\/v2\/types\/page"}],"author":[{"embeddable":true,"href":"https:\/\/helikon.pl\/en\/wp-json\/wp\/v2\/users\/1"}],"replies":[{"embeddable":true,"href":"https:\/\/helikon.pl\/en\/wp-json\/wp\/v2\/comments?post=4256"}],"version-history":[{"count":3,"href":"https:\/\/helikon.pl\/en\/wp-json\/wp\/v2\/pages\/4256\/revisions"}],"predecessor-version":[{"id":4595,"href":"https:\/\/helikon.pl\/en\/wp-json\/wp\/v2\/pages\/4256\/revisions\/4595"}],"wp:attachment":[{"href":"https:\/\/helikon.pl\/en\/wp-json\/wp\/v2\/media?parent=4256"}],"curies":[{"name":"wp","href":"https:\/\/api.w.org\/{rel}","templated":true}]}}