{"id":4607,"date":"2022-01-02T04:18:01","date_gmt":"2022-01-02T03:18:01","guid":{"rendered":"https:\/\/helikon.pl\/kontakt\/"},"modified":"2025-09-14T15:24:45","modified_gmt":"2025-09-14T13:24:45","slug":"contact","status":"publish","type":"page","link":"https:\/\/helikon.pl\/en\/contact\/","title":{"rendered":"Contact"},"content":{"rendered":"\n<div class=\"wp-block-columns is-layout-flex wp-container-core-columns-is-layout-28f84493 wp-block-columns-is-layout-flex\">\n<div class=\"wp-block-column is-layout-flow wp-block-column-is-layout-flow\">\n<p class=\"has-large-font-size\" style=\"font-style:normal;font-weight:400\"><strong>HELIKON TWORZYMY IDEALNE BIURA S.A.<\/strong><br>ul. \u015bw. Jacka Odrow\u0105\u017ca 15<br>03-310 Warszawa<\/p>\n\n\n\n<p class=\"has-large-font-size\"><strong>Tel.:&nbsp;<\/strong><a href=\"tel:+48225916262\" data-type=\"tel\" data-id=\"tel:+48225916262\">22 591 62 62<\/a><\/p>\n\n\n\n<p class=\"has-large-font-size\"><strong>E-mail:\u00a0<\/strong><a href=\"mailto:zapytania@helikon.pl\">zapytania@helikon.pl<\/a><\/p>\n\n\n\n<p class=\"has-large-font-size\"><\/p>\n\n\n\n<p class=\"has-large-font-size\"><\/p>\n\n\n\n<div style=\"height:50px\" aria-hidden=\"true\" class=\"wp-block-spacer\"><\/div>\n<\/div>\n\n\n\n<div class=\"wp-block-column is-layout-flow wp-block-column-is-layout-flow\">\n<p class=\"has-large-font-size\" style=\"font-style:normal;font-weight:500\">Szanowni Pa\u0144stwo,<\/p>\n\n\n\n<p>Nasze biuro doradczo-projektowe i showroom s\u0105 dost\u0119pne <\/p>\n\n\n\n<p>po indywidualnym um\u00f3wieniu terminu spotkania.<\/p>\n\n\n\n<p><\/p>\n\n\n\n<p class=\"has-vivid-red-color has-text-color has-large-font-size\" style=\"font-style:normal;font-weight:700\">Um\u00f3w si\u0119 indywidualnie na spotkanie:<\/p>\n\n\n\n<p class=\"has-large-font-size\" style=\"font-style:normal;font-weight:300\">E-mail: <a href=\"mailto:kuczynska@helikon.pl\">kuczynska@helikon.pl<\/a> ; <a href=\"mailto:sitek@helikon.pl\">sitek@helikon.pl<\/a><\/p>\n\n\n\n<p><\/p>\n\n\n\n<p class=\"has-large-font-size\" style=\"font-style:normal;font-weight:300\"><strong>Poniedzia\u0142ek&nbsp;&#8211;&nbsp;Czwartek: <\/strong>09:00&nbsp;&#8211;&nbsp;17:00<\/p>\n\n\n\n<p class=\"has-large-font-size\" style=\"font-style:normal;font-weight:300\"><strong>Pi\u0105tek:<\/strong> 08:00&nbsp;&#8211;&nbsp;16:00<\/p>\n\n\n\n<p><\/p>\n<\/div>\n<\/div>\n\n\n\n<p><\/p>\n","protected":false},"excerpt":{"rendered":"<p>HELIKON TWORZYMY IDEALNE BIURA S.A.ul. \u015bw. Jacka Odrow\u0105\u017ca 1503-310 Warszawa Tel.:&nbsp;22 591 62 62 E-mail:\u00a0zapytania@helikon.pl Szanowni Pa\u0144stwo, Nasze biuro doradczo-projektowe i showroom s\u0105 dost\u0119pne po indywidualnym um\u00f3wieniu terminu spotkania. Um\u00f3w si\u0119 indywidualnie na spotkanie: E-mail: kuczynska@helikon.pl ; sitek@helikon.pl Poniedzia\u0142ek&nbsp;&#8211;&nbsp;Czwartek: 09:00&nbsp;&#8211;&nbsp;17:00 Pi\u0105tek: 08:00&nbsp;&#8211;&nbsp;16:00<\/p>\n","protected":false},"author":1,"featured_media":0,"parent":0,"menu_order":0,"comment_status":"closed","ping_status":"closed","template":"","meta":{"_acf_changed":false,"footnotes":""},"class_list":["post-4607","page","type-page","status-publish","hentry"],"acf":[],"yoast_head":"<!-- This site is optimized with the Yoast SEO plugin v25.9 - https:\/\/yoast.com\/wordpress\/plugins\/seo\/ -->\n<title>Contact - Helikon<\/title>\n<meta name=\"robots\" content=\"index, follow, max-snippet:-1, max-image-preview:large, max-video-preview:-1\" \/>\n<link rel=\"canonical\" href=\"https:\/\/helikon.pl\/en\/contact\/\" \/>\n<meta property=\"og:locale\" content=\"en_US\" \/>\n<meta property=\"og:type\" content=\"article\" \/>\n<meta property=\"og:title\" content=\"Contact - Helikon\" \/>\n<meta property=\"og:description\" content=\"HELIKON TWORZYMY IDEALNE BIURA S.A.ul. \u015bw. Jacka Odrow\u0105\u017ca 1503-310 Warszawa Tel.:&nbsp;22 591 62 62 E-mail:\u00a0zapytania@helikon.pl Szanowni Pa\u0144stwo, Nasze biuro doradczo-projektowe i showroom s\u0105 dost\u0119pne po indywidualnym um\u00f3wieniu terminu spotkania. Um\u00f3w si\u0119 indywidualnie na spotkanie: E-mail: kuczynska@helikon.pl ; sitek@helikon.pl Poniedzia\u0142ek&nbsp;&#8211;&nbsp;Czwartek: 09:00&nbsp;&#8211;&nbsp;17:00 Pi\u0105tek: 08:00&nbsp;&#8211;&nbsp;16:00\" \/>\n<meta property=\"og:url\" content=\"https:\/\/helikon.pl\/en\/contact\/\" \/>\n<meta property=\"og:site_name\" content=\"Helikon\" \/>\n<meta property=\"article:modified_time\" content=\"2025-09-14T13:24:45+00:00\" \/>\n<meta name=\"twitter:card\" content=\"summary_large_image\" \/>\n<meta name=\"twitter:label1\" content=\"Est. reading time\" \/>\n\t<meta name=\"twitter:data1\" content=\"1 minute\" \/>\n<script type=\"application\/ld+json\" class=\"yoast-schema-graph\">{\"@context\":\"https:\/\/schema.org\",\"@graph\":[{\"@type\":\"WebPage\",\"@id\":\"https:\/\/helikon.pl\/en\/contact\/\",\"url\":\"https:\/\/helikon.pl\/en\/contact\/\",\"name\":\"Contact - Helikon\",\"isPartOf\":{\"@id\":\"https:\/\/helikon.pl\/#website\"},\"datePublished\":\"2022-01-02T03:18:01+00:00\",\"dateModified\":\"2025-09-14T13:24:45+00:00\",\"breadcrumb\":{\"@id\":\"https:\/\/helikon.pl\/en\/contact\/#breadcrumb\"},\"inLanguage\":\"en-US\",\"potentialAction\":[{\"@type\":\"ReadAction\",\"target\":[\"https:\/\/helikon.pl\/en\/contact\/\"]}]},{\"@type\":\"BreadcrumbList\",\"@id\":\"https:\/\/helikon.pl\/en\/contact\/#breadcrumb\",\"itemListElement\":[{\"@type\":\"ListItem\",\"position\":1,\"name\":\"Home\",\"item\":\"https:\/\/helikon.pl\/en\/\"},{\"@type\":\"ListItem\",\"position\":2,\"name\":\"Contact\"}]},{\"@type\":\"WebSite\",\"@id\":\"https:\/\/helikon.pl\/#website\",\"url\":\"https:\/\/helikon.pl\/\",\"name\":\"Helikon\",\"description\":\"Tworzymy idealne biura\",\"potentialAction\":[{\"@type\":\"SearchAction\",\"target\":{\"@type\":\"EntryPoint\",\"urlTemplate\":\"https:\/\/helikon.pl\/?s={search_term_string}\"},\"query-input\":{\"@type\":\"PropertyValueSpecification\",\"valueRequired\":true,\"valueName\":\"search_term_string\"}}],\"inLanguage\":\"en-US\"}]}<\/script>\n<!-- \/ Yoast SEO plugin. -->","yoast_head_json":{"title":"Contact - Helikon","robots":{"index":"index","follow":"follow","max-snippet":"max-snippet:-1","max-image-preview":"max-image-preview:large","max-video-preview":"max-video-preview:-1"},"canonical":"https:\/\/helikon.pl\/en\/contact\/","og_locale":"en_US","og_type":"article","og_title":"Contact - Helikon","og_description":"HELIKON TWORZYMY IDEALNE BIURA S.A.ul. \u015bw. Jacka Odrow\u0105\u017ca 1503-310 Warszawa Tel.:&nbsp;22 591 62 62 E-mail:\u00a0zapytania@helikon.pl Szanowni Pa\u0144stwo, Nasze biuro doradczo-projektowe i showroom s\u0105 dost\u0119pne po indywidualnym um\u00f3wieniu terminu spotkania. Um\u00f3w si\u0119 indywidualnie na spotkanie: E-mail: kuczynska@helikon.pl ; sitek@helikon.pl Poniedzia\u0142ek&nbsp;&#8211;&nbsp;Czwartek: 09:00&nbsp;&#8211;&nbsp;17:00 Pi\u0105tek: 08:00&nbsp;&#8211;&nbsp;16:00","og_url":"https:\/\/helikon.pl\/en\/contact\/","og_site_name":"Helikon","article_modified_time":"2025-09-14T13:24:45+00:00","twitter_card":"summary_large_image","twitter_misc":{"Est. reading time":"1 minute"},"schema":{"@context":"https:\/\/schema.org","@graph":[{"@type":"WebPage","@id":"https:\/\/helikon.pl\/en\/contact\/","url":"https:\/\/helikon.pl\/en\/contact\/","name":"Contact - Helikon","isPartOf":{"@id":"https:\/\/helikon.pl\/#website"},"datePublished":"2022-01-02T03:18:01+00:00","dateModified":"2025-09-14T13:24:45+00:00","breadcrumb":{"@id":"https:\/\/helikon.pl\/en\/contact\/#breadcrumb"},"inLanguage":"en-US","potentialAction":[{"@type":"ReadAction","target":["https:\/\/helikon.pl\/en\/contact\/"]}]},{"@type":"BreadcrumbList","@id":"https:\/\/helikon.pl\/en\/contact\/#breadcrumb","itemListElement":[{"@type":"ListItem","position":1,"name":"Home","item":"https:\/\/helikon.pl\/en\/"},{"@type":"ListItem","position":2,"name":"Contact"}]},{"@type":"WebSite","@id":"https:\/\/helikon.pl\/#website","url":"https:\/\/helikon.pl\/","name":"Helikon","description":"Tworzymy idealne biura","potentialAction":[{"@type":"SearchAction","target":{"@type":"EntryPoint","urlTemplate":"https:\/\/helikon.pl\/?s={search_term_string}"},"query-input":{"@type":"PropertyValueSpecification","valueRequired":true,"valueName":"search_term_string"}}],"inLanguage":"en-US"}]}},"_links":{"self":[{"href":"https:\/\/helikon.pl\/en\/wp-json\/wp\/v2\/pages\/4607","targetHints":{"allow":["GET"]}}],"collection":[{"href":"https:\/\/helikon.pl\/en\/wp-json\/wp\/v2\/pages"}],"about":[{"href":"https:\/\/helikon.pl\/en\/wp-json\/wp\/v2\/types\/page"}],"author":[{"embeddable":true,"href":"https:\/\/helikon.pl\/en\/wp-json\/wp\/v2\/users\/1"}],"replies":[{"embeddable":true,"href":"https:\/\/helikon.pl\/en\/wp-json\/wp\/v2\/comments?post=4607"}],"version-history":[{"count":1,"href":"https:\/\/helikon.pl\/en\/wp-json\/wp\/v2\/pages\/4607\/revisions"}],"predecessor-version":[{"id":4608,"href":"https:\/\/helikon.pl\/en\/wp-json\/wp\/v2\/pages\/4607\/revisions\/4608"}],"wp:attachment":[{"href":"https:\/\/helikon.pl\/en\/wp-json\/wp\/v2\/media?parent=4607"}],"curies":[{"name":"wp","href":"https:\/\/api.w.org\/{rel}","templated":true}]}}