{"id":4615,"date":"2022-01-02T04:16:10","date_gmt":"2022-01-02T03:16:10","guid":{"rendered":"https:\/\/helikon.pl\/kariera\/"},"modified":"2025-09-14T15:28:02","modified_gmt":"2025-09-14T13:28:02","slug":"careers","status":"publish","type":"page","link":"https:\/\/helikon.pl\/en\/careers\/","title":{"rendered":"Careers"},"content":{"rendered":"\n<p class=\"has-large-font-size\" style=\"font-style:normal;font-weight:300\"><strong>HELIKON TWORZYMY IDEALNE BIURA<\/strong> <strong>S.A.&nbsp;<\/strong>&#8211; jest prekursorem i liderem w<strong>&nbsp;innowacyjnym podej\u015bciu do aran\u017cacji \u015brodowiska pracy.<\/strong> Poprzez badania i analiz\u0119 dostarczamy naszym Klientom wiedz\u0119 o w\u0142a\u015bciwej powierzchni i sposobie aran\u017cacji biura, by sta\u0142o si\u0119 skutecznym narz\u0119dziem wspieraj\u0105cym procesy zachodz\u0105ce w organizacji Klienta i pomagaj\u0105cym osi\u0105ga\u0107 wymierne korzy\u015bci biznesowe. Oferujemy Klientom najwy\u017cszej klasy rozwi\u0105zania w obszarze najmu, analizy \u015brodowiska pracy, projektowania, realizacji fit out, wyposa\u017cania i przeprowadzek dla nowoczesnych przestrzeni biurowych spe\u0142niaj\u0105cych oczekiwania pracownik\u00f3w.<\/p>\n\n\n\n<div style=\"height:50px\" aria-hidden=\"true\" class=\"wp-block-spacer\"><\/div>\n\n\n\n<p class=\"has-text-align-center has-large-font-size\" style=\"font-style:normal;font-weight:300\"><strong>Dla nas ludzie s\u0105 najwa\u017cniejsi, do\u0142\u0105cz do naszego zespo\u0142u!<\/strong><\/p>\n\n\n\n<div style=\"height:50px\" aria-hidden=\"true\" class=\"wp-block-spacer\"><\/div>\n\n\n\n<h2 class=\"wp-block-heading\" id=\"dlaczego-warto-z-nami-pracowac\">Dlaczego warto z nami pracowa\u0107?<\/h2>\n\n\n\n<ol style=\"font-style:normal;font-weight:300\" class=\"has-large-font-size wp-block-list\">\n<li>Dajemy poczucie bezpiecze\u0144stwa &#8211;&nbsp;<strong>jeste\u015bmy blisko 30 lat na rynku<\/strong>, wci\u0105\u017c umacniaj\u0105c swoj\u0105 pozycj\u0119!<\/li>\n\n\n\n<li>Dbamy o nasz zesp\u00f3\u0142, a nasi ludzie to doceniaj\u0105, dlatego&nbsp;<strong>\u015bredni czas pracy w naszej firmie to ponad 8 lat<\/strong>.<\/li>\n\n\n\n<li>Mamy dla Ciebie&nbsp;<strong>komfortowe biuro<\/strong>, zaprojektowanie zgodnie z najnowszymi trendami, w naszym biurze sam wybierasz miejsce, w kt\u00f3rym chcesz pracowa\u0107, zgodnie z Activity Based Workplace.<\/li>\n\n\n\n<li>Nasz&nbsp;<strong>SHOWROOM&nbsp;<\/strong>(najwi\u0119kszy biurowy w Polsce) to najlepsze miejsce do pracy i narz\u0119dzie sprzeda\u017cy, kt\u00f3re skutecznie wspiera Twoj\u0105 codzienn\u0105 prac\u0119.<\/li>\n\n\n\n<li>Tworzymy&nbsp;<strong>zgrany zesp\u00f3\u0142<\/strong>&nbsp;specjalist\u00f3w, kt\u00f3ry&nbsp;<strong>wspiera si\u0119 w realizowanych dzia\u0142aniach<\/strong>.<\/li>\n\n\n\n<li>Ka\u017cdy ma&nbsp;<strong>jasno okre\u015blone obowi\u0105zki i p\u0142ynnie uzupe\u0142niamy si\u0119<\/strong>&nbsp;w ich wykonywaniu.<\/li>\n\n\n\n<li><strong>Stawiamy na wsp\u00f3\u0142prac\u0119<\/strong>, wsp\u00f3lnie szukamy najlepszych rozwi\u0105za\u0144.<\/li>\n\n\n\n<li>Udzielamy sobie szczerego i profesjonalnego&nbsp;<strong>feedback<\/strong>&#8216;u.<\/li>\n\n\n\n<li>Codziennie dbamy o&nbsp;<strong>satysfakcj\u0119 z pracy i dobre relacje<\/strong>.<\/li>\n\n\n\n<li>Minimalizujemy stres &#8211;&nbsp;<strong>nie pracujemy z targetami<\/strong>.<\/li>\n\n\n\n<li><strong>Stawiamy na rozw\u00f3j<\/strong>&nbsp;&#8211; inwestujemy w naszych ludzi, umo\u017cliwiaj\u0105c udzia\u0142 w szkoleniach, konferencjach i warsztatach.<\/li>\n\n\n\n<li><strong>Wsp\u00f3lnie decydujemy<\/strong>&nbsp;o kierunku rozwoju.<\/li>\n\n\n\n<li>Dbamy o&nbsp;<strong>Work Life Balance<\/strong>.<\/li>\n\n\n\n<li>Stawiamy na&nbsp;<strong>integracj\u0119<\/strong>&nbsp;wewn\u0119trzn\u0105 oraz zewn\u0119trzn\u0105 z naszymi partnerami.<\/li>\n\n\n\n<li>Zatrudniamy w oparciu o&nbsp;<strong>umow\u0119 o prac\u0119<\/strong>&nbsp;(chyba, \u017ce wolisz inaczej), pracuj\u0105c w elastycznym wymiarze od poniedzia\u0142ku do pi\u0105tku.<\/li>\n\n\n\n<li>Dwa dni w miesi\u0105cu mo\u017cesz pracowa\u0107 z domu (<strong>Home Office)<\/strong>.<\/li>\n<\/ol>\n\n\n\n<div style=\"height:50px\" aria-hidden=\"true\" class=\"wp-block-spacer\"><\/div>\n\n\n\n<h2 class=\"wp-block-heading\" id=\"benefity\">Benefity:<\/h2>\n\n\n\n<ol style=\"font-style:normal;font-weight:300\" class=\"has-large-font-size wp-block-list\">\n<li><strong>Atrakcyjne wynagrodzenie.<\/strong><\/li>\n\n\n\n<li><strong>Pakiet medyczny &#8211; ENEL MED.<\/strong><\/li>\n\n\n\n<li><strong>Program indywidualnego rozwoju.<\/strong><\/li>\n\n\n\n<li><strong>Udzia\u0142 w szkoleniach i konferencjach.<\/strong><\/li>\n\n\n\n<li><strong>Karta Multisport.<\/strong><\/li>\n\n\n\n<li><strong>Prezenty \u015bwi\u0105teczne.<\/strong><\/li>\n\n\n\n<li><strong>Prezent na urodziny.<\/strong><\/li>\n\n\n\n<li><strong>Parking dla pracownik\u00f3w.<\/strong><\/li>\n<\/ol>\n\n\n\n<div style=\"height:50px\" aria-hidden=\"true\" class=\"wp-block-spacer\"><\/div>\n\n\n\n<p class=\"has-text-align-center has-large-font-size\">Przed udzia\u0142em w rekrutacji &#8211; zapraszamy do nas na kaw\u0119 i zwiedzanie showroomu. Zobacz jak pracujemy!<\/p>\n\n\n\n<div class=\"d-flex align-items-center justify-content-center my-4\">\n<a href=\"mailto:biuro@helikon.pl\" class=\"btn btn--black\">\n<span class=\"icon-arrow\"><\/span>Napisz do nas: biuro@helikon.pl\n<\/a>\n<\/div>\n\n\n\n<div class=\"d-flex align-items-center justify-content-center\">\n<strong>Aktualne oferty pracy dost\u0119pne na&#8230;<\/strong> \n<a href=\"https:\/\/pracodawcy.pracuj.pl\/helikon-meble-biurowe-s-a,13252\" target=\"_blank\" rel=\"noopener\">\n<img decoding=\"async\" src=\"https:\/\/helikon.pl\/wp-content\/uploads\/pracuj_pl.png\">\n<\/a>\n<\/div>\n\n\n\n<div style=\"height:50px\" aria-hidden=\"true\" class=\"wp-block-spacer\"><\/div>\n\n\n\n<h5 class=\"wp-block-heading has-text-align-center has-large-font-size\" id=\"blisko-30-lat-na-rynku-30-profesjonalistow\">PONAD 30 LAT NA RYNKU\u00a0\u00a0\u00a0\u00a0 30 PROFESJONALIST\u00d3W\u00a0\u00a0\u00a0\u00a0<\/h5>\n\n\n\n<h5 class=\"wp-block-heading has-text-align-center has-large-font-size\" id=\"satysfakcja-wsrod-pracownikow-77-zaangazowanie-wsrod-pracownikow-68\">SATYSFAKCJA W\u015aR\u00d3D PRACOWNIK\u00d3W 77%&nbsp;&nbsp;&nbsp;&nbsp; ZAANGA\u017bOWANIE W\u015aR\u00d3D PRACOWNIK\u00d3W 68%<\/h5>\n\n\n\n<div style=\"height:50px\" aria-hidden=\"true\" class=\"wp-block-spacer\"><\/div>\n\n\n\n<p class=\"has-text-align-left has-large-font-size\">*Badanie Aon Hewitt &#8211; Program Najlepszych Pracodawc\u00f3w 2015<\/p>\n","protected":false},"excerpt":{"rendered":"<p>HELIKON TWORZYMY IDEALNE BIURA S.A.&nbsp;&#8211; jest prekursorem i liderem w&nbsp;innowacyjnym podej\u015bciu do aran\u017cacji \u015brodowiska pracy. Poprzez badania i analiz\u0119 dostarczamy naszym Klientom wiedz\u0119 o w\u0142a\u015bciwej powierzchni i sposobie aran\u017cacji biura, by sta\u0142o si\u0119 skutecznym narz\u0119dziem wspieraj\u0105cym procesy zachodz\u0105ce w organizacji Klienta i pomagaj\u0105cym osi\u0105ga\u0107 wymierne korzy\u015bci biznesowe. Oferujemy Klientom najwy\u017cszej klasy rozwi\u0105zania w obszarze najmu, [&hellip;]<\/p>\n","protected":false},"author":1,"featured_media":0,"parent":0,"menu_order":0,"comment_status":"closed","ping_status":"closed","template":"","meta":{"_acf_changed":false,"footnotes":""},"class_list":["post-4615","page","type-page","status-publish","hentry"],"acf":[],"yoast_head":"<!-- This site is optimized with the Yoast SEO plugin v25.9 - https:\/\/yoast.com\/wordpress\/plugins\/seo\/ -->\n<title>Careers - Helikon<\/title>\n<meta name=\"robots\" content=\"index, follow, max-snippet:-1, max-image-preview:large, max-video-preview:-1\" \/>\n<link rel=\"canonical\" href=\"https:\/\/helikon.pl\/en\/careers\/\" \/>\n<meta property=\"og:locale\" content=\"en_US\" \/>\n<meta property=\"og:type\" content=\"article\" \/>\n<meta property=\"og:title\" content=\"Careers - Helikon\" \/>\n<meta property=\"og:description\" content=\"HELIKON TWORZYMY IDEALNE BIURA S.A.&nbsp;&#8211; jest prekursorem i liderem w&nbsp;innowacyjnym podej\u015bciu do aran\u017cacji \u015brodowiska pracy. Poprzez badania i analiz\u0119 dostarczamy naszym Klientom wiedz\u0119 o w\u0142a\u015bciwej powierzchni i sposobie aran\u017cacji biura, by sta\u0142o si\u0119 skutecznym narz\u0119dziem wspieraj\u0105cym procesy zachodz\u0105ce w organizacji Klienta i pomagaj\u0105cym osi\u0105ga\u0107 wymierne korzy\u015bci biznesowe. Oferujemy Klientom najwy\u017cszej klasy rozwi\u0105zania w obszarze najmu, [&hellip;]\" \/>\n<meta property=\"og:url\" content=\"https:\/\/helikon.pl\/en\/careers\/\" \/>\n<meta property=\"og:site_name\" content=\"Helikon\" \/>\n<meta property=\"article:modified_time\" content=\"2025-09-14T13:28:02+00:00\" \/>\n<meta property=\"og:image\" content=\"https:\/\/helikon.pl\/wp-content\/uploads\/pracuj_pl.png\" \/>\n<meta name=\"twitter:card\" content=\"summary_large_image\" \/>\n<meta name=\"twitter:label1\" content=\"Est. reading time\" \/>\n\t<meta name=\"twitter:data1\" content=\"2 minutes\" \/>\n<script type=\"application\/ld+json\" class=\"yoast-schema-graph\">{\"@context\":\"https:\/\/schema.org\",\"@graph\":[{\"@type\":\"WebPage\",\"@id\":\"https:\/\/helikon.pl\/en\/careers\/\",\"url\":\"https:\/\/helikon.pl\/en\/careers\/\",\"name\":\"Careers - Helikon\",\"isPartOf\":{\"@id\":\"https:\/\/helikon.pl\/#website\"},\"primaryImageOfPage\":{\"@id\":\"https:\/\/helikon.pl\/en\/careers\/#primaryimage\"},\"image\":{\"@id\":\"https:\/\/helikon.pl\/en\/careers\/#primaryimage\"},\"thumbnailUrl\":\"https:\/\/helikon.pl\/wp-content\/uploads\/pracuj_pl.png\",\"datePublished\":\"2022-01-02T03:16:10+00:00\",\"dateModified\":\"2025-09-14T13:28:02+00:00\",\"breadcrumb\":{\"@id\":\"https:\/\/helikon.pl\/en\/careers\/#breadcrumb\"},\"inLanguage\":\"en-US\",\"potentialAction\":[{\"@type\":\"ReadAction\",\"target\":[\"https:\/\/helikon.pl\/en\/careers\/\"]}]},{\"@type\":\"ImageObject\",\"inLanguage\":\"en-US\",\"@id\":\"https:\/\/helikon.pl\/en\/careers\/#primaryimage\",\"url\":\"https:\/\/helikon.pl\/wp-content\/uploads\/pracuj_pl.png\",\"contentUrl\":\"https:\/\/helikon.pl\/wp-content\/uploads\/pracuj_pl.png\"},{\"@type\":\"BreadcrumbList\",\"@id\":\"https:\/\/helikon.pl\/en\/careers\/#breadcrumb\",\"itemListElement\":[{\"@type\":\"ListItem\",\"position\":1,\"name\":\"Home\",\"item\":\"https:\/\/helikon.pl\/en\/\"},{\"@type\":\"ListItem\",\"position\":2,\"name\":\"Careers\"}]},{\"@type\":\"WebSite\",\"@id\":\"https:\/\/helikon.pl\/#website\",\"url\":\"https:\/\/helikon.pl\/\",\"name\":\"Helikon\",\"description\":\"Tworzymy idealne biura\",\"potentialAction\":[{\"@type\":\"SearchAction\",\"target\":{\"@type\":\"EntryPoint\",\"urlTemplate\":\"https:\/\/helikon.pl\/?s={search_term_string}\"},\"query-input\":{\"@type\":\"PropertyValueSpecification\",\"valueRequired\":true,\"valueName\":\"search_term_string\"}}],\"inLanguage\":\"en-US\"}]}<\/script>\n<!-- \/ Yoast SEO plugin. -->","yoast_head_json":{"title":"Careers - Helikon","robots":{"index":"index","follow":"follow","max-snippet":"max-snippet:-1","max-image-preview":"max-image-preview:large","max-video-preview":"max-video-preview:-1"},"canonical":"https:\/\/helikon.pl\/en\/careers\/","og_locale":"en_US","og_type":"article","og_title":"Careers - Helikon","og_description":"HELIKON TWORZYMY IDEALNE BIURA S.A.&nbsp;&#8211; jest prekursorem i liderem w&nbsp;innowacyjnym podej\u015bciu do aran\u017cacji \u015brodowiska pracy. Poprzez badania i analiz\u0119 dostarczamy naszym Klientom wiedz\u0119 o w\u0142a\u015bciwej powierzchni i sposobie aran\u017cacji biura, by sta\u0142o si\u0119 skutecznym narz\u0119dziem wspieraj\u0105cym procesy zachodz\u0105ce w organizacji Klienta i pomagaj\u0105cym osi\u0105ga\u0107 wymierne korzy\u015bci biznesowe. Oferujemy Klientom najwy\u017cszej klasy rozwi\u0105zania w obszarze najmu, [&hellip;]","og_url":"https:\/\/helikon.pl\/en\/careers\/","og_site_name":"Helikon","article_modified_time":"2025-09-14T13:28:02+00:00","og_image":[{"url":"https:\/\/helikon.pl\/wp-content\/uploads\/pracuj_pl.png","type":"","width":"","height":""}],"twitter_card":"summary_large_image","twitter_misc":{"Est. reading time":"2 minutes"},"schema":{"@context":"https:\/\/schema.org","@graph":[{"@type":"WebPage","@id":"https:\/\/helikon.pl\/en\/careers\/","url":"https:\/\/helikon.pl\/en\/careers\/","name":"Careers - Helikon","isPartOf":{"@id":"https:\/\/helikon.pl\/#website"},"primaryImageOfPage":{"@id":"https:\/\/helikon.pl\/en\/careers\/#primaryimage"},"image":{"@id":"https:\/\/helikon.pl\/en\/careers\/#primaryimage"},"thumbnailUrl":"https:\/\/helikon.pl\/wp-content\/uploads\/pracuj_pl.png","datePublished":"2022-01-02T03:16:10+00:00","dateModified":"2025-09-14T13:28:02+00:00","breadcrumb":{"@id":"https:\/\/helikon.pl\/en\/careers\/#breadcrumb"},"inLanguage":"en-US","potentialAction":[{"@type":"ReadAction","target":["https:\/\/helikon.pl\/en\/careers\/"]}]},{"@type":"ImageObject","inLanguage":"en-US","@id":"https:\/\/helikon.pl\/en\/careers\/#primaryimage","url":"https:\/\/helikon.pl\/wp-content\/uploads\/pracuj_pl.png","contentUrl":"https:\/\/helikon.pl\/wp-content\/uploads\/pracuj_pl.png"},{"@type":"BreadcrumbList","@id":"https:\/\/helikon.pl\/en\/careers\/#breadcrumb","itemListElement":[{"@type":"ListItem","position":1,"name":"Home","item":"https:\/\/helikon.pl\/en\/"},{"@type":"ListItem","position":2,"name":"Careers"}]},{"@type":"WebSite","@id":"https:\/\/helikon.pl\/#website","url":"https:\/\/helikon.pl\/","name":"Helikon","description":"Tworzymy idealne biura","potentialAction":[{"@type":"SearchAction","target":{"@type":"EntryPoint","urlTemplate":"https:\/\/helikon.pl\/?s={search_term_string}"},"query-input":{"@type":"PropertyValueSpecification","valueRequired":true,"valueName":"search_term_string"}}],"inLanguage":"en-US"}]}},"_links":{"self":[{"href":"https:\/\/helikon.pl\/en\/wp-json\/wp\/v2\/pages\/4615","targetHints":{"allow":["GET"]}}],"collection":[{"href":"https:\/\/helikon.pl\/en\/wp-json\/wp\/v2\/pages"}],"about":[{"href":"https:\/\/helikon.pl\/en\/wp-json\/wp\/v2\/types\/page"}],"author":[{"embeddable":true,"href":"https:\/\/helikon.pl\/en\/wp-json\/wp\/v2\/users\/1"}],"replies":[{"embeddable":true,"href":"https:\/\/helikon.pl\/en\/wp-json\/wp\/v2\/comments?post=4615"}],"version-history":[{"count":1,"href":"https:\/\/helikon.pl\/en\/wp-json\/wp\/v2\/pages\/4615\/revisions"}],"predecessor-version":[{"id":4616,"href":"https:\/\/helikon.pl\/en\/wp-json\/wp\/v2\/pages\/4615\/revisions\/4616"}],"wp:attachment":[{"href":"https:\/\/helikon.pl\/en\/wp-json\/wp\/v2\/media?parent=4615"}],"curies":[{"name":"wp","href":"https:\/\/api.w.org\/{rel}","templated":true}]}}