{"id":4617,"date":"2022-01-02T03:32:50","date_gmt":"2022-01-02T02:32:50","guid":{"rendered":"https:\/\/helikon.pl\/polityka-prywatnosci\/"},"modified":"2025-09-14T15:29:15","modified_gmt":"2025-09-14T13:29:15","slug":"privacy-policy","status":"publish","type":"page","link":"https:\/\/helikon.pl\/en\/privacy-policy\/","title":{"rendered":"Privacy Policy"},"content":{"rendered":"\n<h2 class=\"wp-block-heading\" id=\"polityka-prywatnosci-helikon-meble-biurowe-s-a\"><strong>Polityka prywatno\u015bci HELIKON TWORZYMY IDEALNE BIURA S.A.<\/strong><\/h2>\n\n\n\n<div style=\"height:30px\" aria-hidden=\"true\" class=\"wp-block-spacer\"><\/div>\n\n\n\n<p class=\"has-large-font-size\" style=\"font-style:normal;font-weight:300\">Szanowni Pa\u0144stwo,<br>zgodnie z wymogami przepis\u00f3w Polskich oraz Unii Europejskiej dotycz\u0105cymi przetwarzania danych osobowych (w tym tzw. RODO) prezentujemy trzy aspekty przetwarzania danych, wykorzystywanych przez&nbsp;firm\u0119 HELIKON&nbsp;Tworzymy Idealne Biura&nbsp;S.A.:<\/p>\n\n\n\n<ul style=\"font-style:normal;font-weight:500\" class=\"has-large-font-size wp-block-list\">\n<li><a href=\"https:\/\/helikon.pl\/wp-content\/uploads\/HELIKON-Przetwarzanie-Proces-Sprzedazy-1.pdf\" target=\"_blank\" rel=\"noreferrer noopener\">PRZETWARZANIE DANYCH ZWI\u0104ZANE Z PROCESEM SPRZEDA\u017bOWYM<\/a><\/li>\n\n\n\n<li><a href=\"https:\/\/helikon.pl\/wp-content\/uploads\/HELIKON-Przetwarzanie-Newsletter-1.pdf\" target=\"_blank\" rel=\"noreferrer noopener\">PRZETWARZANIE DANYCH W ZWI\u0104ZKU Z KOMUNIKACJ\u0104 MARKETINGOW\u0104<\/a><\/li>\n\n\n\n<li><a href=\"https:\/\/helikon.pl\/wp-content\/uploads\/HELIKON-Polityka-Cookies-1.pdf\" target=\"_blank\" rel=\"noreferrer noopener\">POLITYKA COOKIES DOTYCZ\u0104CA KORZYSTANIA Z SERWIS\u00d3W INTERNETOWYCH WWW.HELIKON.PL, WWW.HELIKON.WAW.PL, WWW.HELIKON.COM.PL<\/a><\/li>\n<\/ul>\n\n\n\n<p class=\"has-large-font-size\" style=\"font-style:normal;font-weight:300\">Dokumenty w formacie PDF otwieraj\u0105 si\u0119 (po klikni\u0119ciu) w nowym oknie przegl\u0105darki.<\/p>\n","protected":false},"excerpt":{"rendered":"<p>Polityka prywatno\u015bci HELIKON TWORZYMY IDEALNE BIURA S.A. Szanowni Pa\u0144stwo,zgodnie z wymogami przepis\u00f3w Polskich oraz Unii Europejskiej dotycz\u0105cymi przetwarzania danych osobowych (w tym tzw. RODO) prezentujemy trzy aspekty przetwarzania danych, wykorzystywanych przez&nbsp;firm\u0119 HELIKON&nbsp;Tworzymy Idealne Biura&nbsp;S.A.: Dokumenty w formacie PDF otwieraj\u0105 si\u0119 (po klikni\u0119ciu) w nowym oknie przegl\u0105darki.<\/p>\n","protected":false},"author":1,"featured_media":0,"parent":0,"menu_order":0,"comment_status":"closed","ping_status":"open","template":"","meta":{"_acf_changed":false,"footnotes":""},"class_list":["post-4617","page","type-page","status-publish","hentry"],"acf":[],"yoast_head":"<!-- This site is optimized with the Yoast SEO plugin v25.9 - https:\/\/yoast.com\/wordpress\/plugins\/seo\/ -->\n<title>Privacy Policy - Helikon<\/title>\n<meta name=\"robots\" content=\"index, follow, max-snippet:-1, max-image-preview:large, max-video-preview:-1\" \/>\n<link rel=\"canonical\" href=\"https:\/\/helikon.pl\/en\/privacy-policy\/\" \/>\n<meta property=\"og:locale\" content=\"en_US\" \/>\n<meta property=\"og:type\" content=\"article\" \/>\n<meta property=\"og:title\" content=\"Privacy Policy - Helikon\" \/>\n<meta property=\"og:description\" content=\"Polityka prywatno\u015bci HELIKON TWORZYMY IDEALNE BIURA S.A. Szanowni Pa\u0144stwo,zgodnie z wymogami przepis\u00f3w Polskich oraz Unii Europejskiej dotycz\u0105cymi przetwarzania danych osobowych (w tym tzw. RODO) prezentujemy trzy aspekty przetwarzania danych, wykorzystywanych przez&nbsp;firm\u0119 HELIKON&nbsp;Tworzymy Idealne Biura&nbsp;S.A.: Dokumenty w formacie PDF otwieraj\u0105 si\u0119 (po klikni\u0119ciu) w nowym oknie przegl\u0105darki.\" \/>\n<meta property=\"og:url\" content=\"https:\/\/helikon.pl\/en\/privacy-policy\/\" \/>\n<meta property=\"og:site_name\" content=\"Helikon\" \/>\n<meta property=\"article:modified_time\" content=\"2025-09-14T13:29:15+00:00\" \/>\n<meta name=\"twitter:card\" content=\"summary_large_image\" \/>\n<meta name=\"twitter:label1\" content=\"Est. reading time\" \/>\n\t<meta name=\"twitter:data1\" content=\"1 minute\" \/>\n<script type=\"application\/ld+json\" class=\"yoast-schema-graph\">{\"@context\":\"https:\/\/schema.org\",\"@graph\":[{\"@type\":\"WebPage\",\"@id\":\"https:\/\/helikon.pl\/en\/privacy-policy\/\",\"url\":\"https:\/\/helikon.pl\/en\/privacy-policy\/\",\"name\":\"Privacy Policy - Helikon\",\"isPartOf\":{\"@id\":\"https:\/\/helikon.pl\/#website\"},\"datePublished\":\"2022-01-02T02:32:50+00:00\",\"dateModified\":\"2025-09-14T13:29:15+00:00\",\"breadcrumb\":{\"@id\":\"https:\/\/helikon.pl\/en\/privacy-policy\/#breadcrumb\"},\"inLanguage\":\"en-US\",\"potentialAction\":[{\"@type\":\"ReadAction\",\"target\":[\"https:\/\/helikon.pl\/en\/privacy-policy\/\"]}]},{\"@type\":\"BreadcrumbList\",\"@id\":\"https:\/\/helikon.pl\/en\/privacy-policy\/#breadcrumb\",\"itemListElement\":[{\"@type\":\"ListItem\",\"position\":1,\"name\":\"Home\",\"item\":\"https:\/\/helikon.pl\/en\/\"},{\"@type\":\"ListItem\",\"position\":2,\"name\":\"Privacy Policy\"}]},{\"@type\":\"WebSite\",\"@id\":\"https:\/\/helikon.pl\/#website\",\"url\":\"https:\/\/helikon.pl\/\",\"name\":\"Helikon\",\"description\":\"Tworzymy idealne biura\",\"potentialAction\":[{\"@type\":\"SearchAction\",\"target\":{\"@type\":\"EntryPoint\",\"urlTemplate\":\"https:\/\/helikon.pl\/?s={search_term_string}\"},\"query-input\":{\"@type\":\"PropertyValueSpecification\",\"valueRequired\":true,\"valueName\":\"search_term_string\"}}],\"inLanguage\":\"en-US\"}]}<\/script>\n<!-- \/ Yoast SEO plugin. -->","yoast_head_json":{"title":"Privacy Policy - Helikon","robots":{"index":"index","follow":"follow","max-snippet":"max-snippet:-1","max-image-preview":"max-image-preview:large","max-video-preview":"max-video-preview:-1"},"canonical":"https:\/\/helikon.pl\/en\/privacy-policy\/","og_locale":"en_US","og_type":"article","og_title":"Privacy Policy - Helikon","og_description":"Polityka prywatno\u015bci HELIKON TWORZYMY IDEALNE BIURA S.A. Szanowni Pa\u0144stwo,zgodnie z wymogami przepis\u00f3w Polskich oraz Unii Europejskiej dotycz\u0105cymi przetwarzania danych osobowych (w tym tzw. RODO) prezentujemy trzy aspekty przetwarzania danych, wykorzystywanych przez&nbsp;firm\u0119 HELIKON&nbsp;Tworzymy Idealne Biura&nbsp;S.A.: Dokumenty w formacie PDF otwieraj\u0105 si\u0119 (po klikni\u0119ciu) w nowym oknie przegl\u0105darki.","og_url":"https:\/\/helikon.pl\/en\/privacy-policy\/","og_site_name":"Helikon","article_modified_time":"2025-09-14T13:29:15+00:00","twitter_card":"summary_large_image","twitter_misc":{"Est. reading time":"1 minute"},"schema":{"@context":"https:\/\/schema.org","@graph":[{"@type":"WebPage","@id":"https:\/\/helikon.pl\/en\/privacy-policy\/","url":"https:\/\/helikon.pl\/en\/privacy-policy\/","name":"Privacy Policy - Helikon","isPartOf":{"@id":"https:\/\/helikon.pl\/#website"},"datePublished":"2022-01-02T02:32:50+00:00","dateModified":"2025-09-14T13:29:15+00:00","breadcrumb":{"@id":"https:\/\/helikon.pl\/en\/privacy-policy\/#breadcrumb"},"inLanguage":"en-US","potentialAction":[{"@type":"ReadAction","target":["https:\/\/helikon.pl\/en\/privacy-policy\/"]}]},{"@type":"BreadcrumbList","@id":"https:\/\/helikon.pl\/en\/privacy-policy\/#breadcrumb","itemListElement":[{"@type":"ListItem","position":1,"name":"Home","item":"https:\/\/helikon.pl\/en\/"},{"@type":"ListItem","position":2,"name":"Privacy Policy"}]},{"@type":"WebSite","@id":"https:\/\/helikon.pl\/#website","url":"https:\/\/helikon.pl\/","name":"Helikon","description":"Tworzymy idealne biura","potentialAction":[{"@type":"SearchAction","target":{"@type":"EntryPoint","urlTemplate":"https:\/\/helikon.pl\/?s={search_term_string}"},"query-input":{"@type":"PropertyValueSpecification","valueRequired":true,"valueName":"search_term_string"}}],"inLanguage":"en-US"}]}},"_links":{"self":[{"href":"https:\/\/helikon.pl\/en\/wp-json\/wp\/v2\/pages\/4617","targetHints":{"allow":["GET"]}}],"collection":[{"href":"https:\/\/helikon.pl\/en\/wp-json\/wp\/v2\/pages"}],"about":[{"href":"https:\/\/helikon.pl\/en\/wp-json\/wp\/v2\/types\/page"}],"author":[{"embeddable":true,"href":"https:\/\/helikon.pl\/en\/wp-json\/wp\/v2\/users\/1"}],"replies":[{"embeddable":true,"href":"https:\/\/helikon.pl\/en\/wp-json\/wp\/v2\/comments?post=4617"}],"version-history":[{"count":1,"href":"https:\/\/helikon.pl\/en\/wp-json\/wp\/v2\/pages\/4617\/revisions"}],"predecessor-version":[{"id":4618,"href":"https:\/\/helikon.pl\/en\/wp-json\/wp\/v2\/pages\/4617\/revisions\/4618"}],"wp:attachment":[{"href":"https:\/\/helikon.pl\/en\/wp-json\/wp\/v2\/media?parent=4617"}],"curies":[{"name":"wp","href":"https:\/\/api.w.org\/{rel}","templated":true}]}}